{"id":2383,"date":"2022-03-10T16:02:23","date_gmt":"2022-03-10T15:02:23","guid":{"rendered":"https:\/\/lohran.com\/?page_id=2383"},"modified":"2022-03-10T17:55:35","modified_gmt":"2022-03-10T16:55:35","slug":"about","status":"publish","type":"page","link":"https:\/\/lohran.com\/?page_id=2383","title":{"rendered":"About"},"content":{"rendered":"\n<div class=\"wp-block-image\"><figure class=\"aligncenter size-full\"><a href=\"https:\/\/lohran.com\/wp-content\/uploads\/2013\/11\/permisA.jpg\"><img decoding=\"async\" loading=\"lazy\" width=\"400\" height=\"448\" src=\"https:\/\/lohran.com\/wp-content\/uploads\/2013\/11\/permisA.jpg\" alt=\"\" class=\"wp-image-153\" srcset=\"https:\/\/lohran.com\/wp-content\/uploads\/2013\/11\/permisA.jpg 400w, https:\/\/lohran.com\/wp-content\/uploads\/2013\/11\/permisA-324x363.jpg 324w, https:\/\/lohran.com\/wp-content\/uploads\/2013\/11\/permisA-268x300.jpg 268w\" sizes=\"(max-width: 400px) 100vw, 400px\" \/><\/a><\/figure><\/div>\n\n\n\n<p>Mon surnom est Lohran et d&#8217;aussi loin que je me souvienne j&#8217;ai \u00e9t\u00e9 attir\u00e9 par les images les formes et les couleurs. Je voue une admiration pour toutes les \u0153uvres de la renaissances et tout ce qui repr\u00e9sentent le r\u00e9el, de Michel Ange \u00e0 Jean-L\u00e9on G\u00e9r\u00f4me.<\/p>\n\n\n\n<p>J&#8217;ai toujours \u00e9t\u00e9 happ\u00e9 par une image avec une forte capacit\u00e9 \u00e0 me projeter dedans. De fait d\u00e9j\u00e0 tr\u00e8s jeune j&#8217;ai \u00e9t\u00e9 en admiration devant des de sciences fiction ou d\u2019hero\u00efc fantasy. <\/p>\n\n\n\n<p>Mon activit\u00e9 varie entre le classique le franco-belge et le comics. Je travaille pour l&#8217;\u00e9dition, soit en direct sur des couvertures de roman de boites de jeux ou des visuels de pr\u00e9sentations, de la bande dessin\u00e9e. Ou de fa\u00e7on indirect, design de personnages v\u00eatements ou objets pour les jeux vid\u00e9os ou les jeux de figurines ou de cartes.<\/p>\n\n\n\n<p>Paris Tome 2 \/ 2021 \/ Petit \u00e0 Petit<br>L.A. 2045 Black Files #4 : C\u009cur de Silicium couverture \/ f\u00e9vrier 2021 \/ Studio09<br>Tour de France (Histoires Incroyables) \/ 2020 \/ Petit \u00e0 Petit<br>Venzia Keergard premi\u00e8re \u00e9dition couverture \/ d\u00e9cembre 2020 \/ 12 Singes (Les)<br>Venzia Keergard premi\u00e8re \u00e9dition \/ d\u00e9cembre 2020 \/ 12 Singes (Les)<br>Venzia Tichu\u00e0n premi\u00e8re \u00e9dition couverture \/ novembre 2020 \/ 12 Singes (Les)<br>Venzia Tichu\u00e0n premi\u00e8re \u00e9dition \/ novembre 2020 \/ 12 Singes (Les)<br>Venzia Ublis premi\u00e8re \u00e9dition couverture \/ octobre 2020 \/ 12 Singes (Les)<br>Venzia Ublis premi\u00e8re \u00e9dition \/ octobre 2020 \/ 12 Singes (Les)<br>Black Files #3 : California Libre couverture \/ f\u00e9vrier 2020 \/ Studio09<br>Guide de la Corse en bandes dessin\u00e9es \/ 2019 \/ Petit \u00e0 Petit<br>Histoires incroyables des Jeux Olympiques \/ 2019 \/ Petit \u00e0 Petit<br>L.A. 2045 Cartes Blanches &#8211; Cinquantenaire couverture \/ novembre 2019 \/ Studio09<br>L.A. 2045 premi\u00e8re \u00e9dition \/ novembre 2019 \/ Studio09<br>In Nomine Satanis &#8211; Magna Veritas Causa Mortis 7 premi\u00e8re \u00e9dition \/ juillet 2019 \/ Raise Dead Editions<br>Ecryme premi\u00e8re \u00e9dition, version de luxe \/ janvier 2019 \/ Ecryme \/ Editions du Matagot<br>L.A. 2045 Cartes Blanches &#8211; Cinquantenaire premi\u00e8re \u00e9dition couverture \/ novembre 2019 \/ Studio09<br>Character design \/ 2018 \/ flyingPigGames<br>Dieppe \/ 2018 \/ Petit \u00e0 Petit<br>Balade d\u0092un Troubadour Muet (La) premi\u00e8re \u00e9dition \/ novembre 2018 \/ Ecryme \/ Editions du Matagot<br>Black Files #2 premi\u00e8re \u00e9dition couverture \/ novembre 2018 \/ L.A. 2045 \/ Studio09<br>In Nomine Satanis &#8211; Magna Veritas Faits Divins n\u00b06 premi\u00e8re \u00e9dition \/ novembre 2018 \/ Raise Dead Editions<br>In Nomine Satanis &#8211; Magna Veritas Faits Divins n\u00b05 premi\u00e8re \u00e9dition \/ octobre 2018 \/ Raise Dead Editions<br>Character design \/ 2017 \/ flyingPigGames<br>Guide de 14-18 couverture \/ 2017 \/ Petit \u00e0 Petit<br>Guide de Paris en bandes dessin\u00e9es \/ 2017 \/ Petit \u00e0 Petit<br>Le Havre (Delahaye) \/ 2016 \/ 2017 \/ Petit \u00e0 Petit<br>Atlas du Monde Connu premi\u00e8re \u00e9dition \/ d\u00e9cembre 2017 \/ Capharna\u00fcm \/ Studio Deadcrows<br>All\u00e9gories d&#8217;Al-Rawi (Les) premi\u00e8re \u00e9dition \/ d\u00e9cembre 2017 \/ Capharna\u00fcm \/ Studio Deadcrows<br>Livre d&#8217;Al Rawi premi\u00e8re \u00e9dition \/ d\u00e9cembre 2017 \/ Capharna\u00fcm \/ Studio Deadcrows<br>Livre des H\u00e9ritiers premi\u00e8re \u00e9dition \/ d\u00e9cembre 2017 \/ Capharna\u00fcm \/ Studio Deadcrows<br>Miscellan\u00e9es de Sapientia (Les) premi\u00e8re \u00e9dition \/ d\u00e9cembre 2017 \/ Capharna\u00fcm \/ Studio Deadcrows<br>Premi\u00e8re Trame premi\u00e8re \u00e9dition \/ d\u00e9cembre 2017 \/ Ecryme \/ Editions du Matagot<br>Causa Mortis 6 premi\u00e8re \u00e9dition \/ octobre 2017 \/ In Nomine Satanis \/ Magna Veritas \/ Raise Dead Editions<br>Causa Mortis 5 premi\u00e8re \u00e9dition \/ mai 2017 \/ In Nomine Satanis \/ Magna Veritas \/ Raise Dead Editions<br>Black Files #1 premi\u00e8re \u00e9dition \/ mars 2017 \/ L.A. 2045 \/ Studio09<br>Mal Occulte \u00e0 Chimoux premi\u00e8re \u00e9dition \/ f\u00e9vrier 2017 \/ In Nomine Satanis \/ Magna Veritas \/ Raise Dead Editions<br>Confr\u00e9rie des Hippogriffes (La) premi\u00e8re \u00e9dition \/ f\u00e9vrier 2017 \/ Venzia \/ 12 Singes (Les)<br>Venzia Confr\u00e9rie des Hippogriffes (La) premi\u00e8re \u00e9dition couverture \/ f\u00e9vrier 2017 \/ 12 Singes (Les)<br>Causa Mortis 4 premi\u00e8re \u00e9dition \/ janvier 2017 \/ In Nomine Satanis \/ Magna Veritas \/ Raise Dead Editions<br>Cantique de la Ma\u00efeutique premi\u00e8re \u00e9dition \/ novembre 2016 \/ In Nomine Satanis \/ Magna Veritas \/ Raise Dead Editions<br>Guerre des R\u00e9seaux : Pr\u00e9lude au Cantique premi\u00e8re \u00e9dition \/ juillet 2016 \/ In Nomine Satanis \/ Magna Veritas \/ Raise Dead Editions<br>Bestiaire premi\u00e8re \u00e9dition \/ juin 2016 \/ Venzia \/ 12 Singes (Les)<br>Venzia V\u00e9hicules &amp; Voyages premi\u00e8re \u00e9dition \/ mars 2016 \/ 12 Singes (Les)<br>Venzia Ecran premi\u00e8re \u00e9dition couverture \/ mars 2016 \/ 12 Singes (Les)<br>Venzia V\u00e9hicules &amp; Voyages premi\u00e8re \u00e9dition couverture \/ mars 2016 \/ 12 Singes (Les)<br>Venzia premi\u00e8re \u00e9dition couverture \/ mars 2016 \/ 12 Singes (Les)<br>Venzia Bestiaire premi\u00e8re \u00e9dition couverture \/ juin 2016 \/ 12 Singes (Les)<br>All Thing Zombie Reloaded \/ 2015 \/ Lock and Load Publishing<br>L.A. 2045 premi\u00e8re \u00e9dition couverture \/ novembre 2015 \/ Studio09<br>L.A. 2045 premi\u00e8re \u00e9dition \/ novembre 2015 \/ Studio09<br>Venzia premi\u00e8re \u00e9dition couverture \/ ao\u00fbt 2015 \/ 12 Singes (Les)<br>Tigres Volants Lite premi\u00e8re \u00e9dition \/ octobre 2014 \/ 2d Sans Faces<br>Daemon Kit d&#8217;Introduction de Daemon premi\u00e8re \u00e9dition \/ octobre 2014 \/ XP\u00e9ditions<br>Hexagon Universe Hexagon premi\u00e8re \u00e9dition \/ juin 2014 \/ 12 Singes (Les)<br>Hexagon Universe Apocalypse premi\u00e8re \u00e9dition \/ avril 2014 \/ 12 Singes (Les)<br>Hexagon Universe Ecran du Meneur de Jeu premi\u00e8re \u00e9dition \/ f\u00e9vrier 2014 \/ 12 Singes (Les)<br>Tigres Volants Biblioth\u00e8que Tachyonique (La) premi\u00e8re \u00e9dition \/ d\u00e9cembre 2012 \/ 2d Sans Faces<br>Tigres Volants Secret du Domaine des Trois Sources (Le) premi\u00e8re \u00e9dition \/ d\u00e9cembre 2012 \/ 2d Sans Faces<br>Dev\u00e2stra Dev\u00e2stra &#8211; R\u00e9incarnation premi\u00e8re \u00e9dition couverture \/ juin 2012 \/ Pulp Fever \u00c9ditions<br>Nothingness Atlas premi\u00e8re \u00e9dition \/ f\u00e9vrier 2012 \/ Lulu.com<br>All Things Zombie Line of Fire \/ 2011\/ Lock and Load Publishing<br>Capharna\u00fcm Royaume des Cieux premi\u00e8re \u00e9dition \/ octobre 2011 \/ 7\u00e8me Cercle<br>AmnesYa 2k5 Weight of Years premi\u00e8re \u00e9dition \/ avril 2011 \/ Studio Deadcrows<br>Capharna\u00fcm Paroles et des Hommes (Des) premi\u00e8re \u00e9dition \/ ao\u00fbt 2010 \/ Studio Deadcrows<br>Capharna\u00fcm Arcanes de l&#8217;Aventure (Les) premi\u00e8re \u00e9dition \/ septembre 2009 \/ 7\u00e8me Cercle<br>Nightprowler Atlas des 7 Cit\u00e9s : Bejofa premi\u00e8re \u00e9dition \/ d\u00e9cembre 2008 \/ 2d Sans Faces<br>Capharna\u00fcm Fables et Chim\u00e8res premi\u00e8re \u00e9dition \/ novembre 2008 \/ 7\u00e8me Cercle<br>Capharna\u00fcm Oasis de Yasmina (L&#8217;) premi\u00e8re \u00e9dition \/ juillet 2008 \/ 7\u00e8me Cercle<br>Capharna\u00fcm Compl\u00e9ment d&#8217;Al Rawi (Le) premi\u00e8re \u00e9dition \/ avril 2008 \/ 7\u00e8me Cercle<br>Tigres Volants Maudits par la Dame de Fer premi\u00e8re \u00e9dition \/ avril 2008 \/ 2d Sans Faces<br>Character and Object Design \/ 2007 \/ Les Humano\u00efdes Associ\u00e9s<br>Capharna\u00fcm premi\u00e8re \u00e9dition \/ octobre 2007 \/ 7\u00e8me Cercle<br>Tigres Volants Copacabana Transit premi\u00e8re \u00e9dition \/ mai 2007 \/ 2d Sans Faces<br>Tigres Volants Entre Deux Eaux premi\u00e8re \u00e9dition \/ d\u00e9cembre 2006 \/ 2d Sans Faces<br>Essentia deuxi\u00e8me \u00e9dition \/ octobre 2006 \/ Gourvil Guillaume<br>In Nomine Satanis &#8211; Magna Veritas On Ferme ! premi\u00e8re \u00e9dition couverture \/ octobre 2006 \/ Asmod\u00e9e Editions &#8211; Siroz<br>Tigres Volants \/ avril 2006 \/ 2d Sans Faces<\/p>\n\n\n\n<p><\/p>\n\n\n\n<p><a><\/a><\/p>\n","protected":false},"excerpt":{"rendered":"<p>Mon surnom est Lohran et d&#8217;aussi loin que je me souvienne j&#8217;ai \u00e9t\u00e9 attir\u00e9 par les images les formes et les couleurs. Je voue une admiration pour toutes les \u0153uvres de la renaissances et tout ce qui repr\u00e9sentent le r\u00e9el, de Michel Ange \u00e0 Jean-L\u00e9on G\u00e9r\u00f4me. J&#8217;ai toujours \u00e9t\u00e9 happ\u00e9 par une image avec une [&hellip;]<\/p>\n","protected":false},"author":3,"featured_media":0,"parent":0,"menu_order":0,"comment_status":"closed","ping_status":"closed","template":"","meta":[],"_links":{"self":[{"href":"https:\/\/lohran.com\/index.php?rest_route=\/wp\/v2\/pages\/2383"}],"collection":[{"href":"https:\/\/lohran.com\/index.php?rest_route=\/wp\/v2\/pages"}],"about":[{"href":"https:\/\/lohran.com\/index.php?rest_route=\/wp\/v2\/types\/page"}],"author":[{"embeddable":true,"href":"https:\/\/lohran.com\/index.php?rest_route=\/wp\/v2\/users\/3"}],"replies":[{"embeddable":true,"href":"https:\/\/lohran.com\/index.php?rest_route=%2Fwp%2Fv2%2Fcomments&post=2383"}],"version-history":[{"count":3,"href":"https:\/\/lohran.com\/index.php?rest_route=\/wp\/v2\/pages\/2383\/revisions"}],"predecessor-version":[{"id":2389,"href":"https:\/\/lohran.com\/index.php?rest_route=\/wp\/v2\/pages\/2383\/revisions\/2389"}],"wp:attachment":[{"href":"https:\/\/lohran.com\/index.php?rest_route=%2Fwp%2Fv2%2Fmedia&parent=2383"}],"curies":[{"name":"wp","href":"https:\/\/api.w.org\/{rel}","templated":true}]}}