{"id":1547,"date":"2016-12-22T14:29:09","date_gmt":"2016-12-22T13:29:09","guid":{"rendered":"https:\/\/lohran.com\/?product=insmv-anges"},"modified":"2024-02-19T23:30:49","modified_gmt":"2024-02-19T22:30:49","slug":"insmv-anges","status":"publish","type":"product","link":"https:\/\/lohran.com\/?product=insmv-anges","title":{"rendered":"INS\/MV Anges"},"content":{"rendered":"<p>Encrage original du jeux INS\/MV repr\u00e9sentant deux anges aux aspects &#8230; exp\u00e9ditifs. L&#8217;encrage est r\u00e9alis\u00e9 sous un format A3 en mode portrait.<\/p>\n","protected":false},"excerpt":{"rendered":"<p>Encrage original du jeux INS\/MV repr\u00e9sentant deux anges aux aspects &#8230; exp\u00e9ditifs. L&#8217;encrage est r\u00e9alis\u00e9 sous un format A3 en mode portrait.<\/p>\n","protected":false},"featured_media":1185,"comment_status":"open","ping_status":"closed","template":"","meta":[],"product_cat":[49,78],"product_tag":[],"_links":{"self":[{"href":"https:\/\/lohran.com\/index.php?rest_route=\/wp\/v2\/product\/1547"}],"collection":[{"href":"https:\/\/lohran.com\/index.php?rest_route=\/wp\/v2\/product"}],"about":[{"href":"https:\/\/lohran.com\/index.php?rest_route=\/wp\/v2\/types\/product"}],"replies":[{"embeddable":true,"href":"https:\/\/lohran.com\/index.php?rest_route=%2Fwp%2Fv2%2Fcomments&post=1547"}],"wp:featuredmedia":[{"embeddable":true,"href":"https:\/\/lohran.com\/index.php?rest_route=\/wp\/v2\/media\/1185"}],"wp:attachment":[{"href":"https:\/\/lohran.com\/index.php?rest_route=%2Fwp%2Fv2%2Fmedia&parent=1547"}],"wp:term":[{"taxonomy":"product_cat","embeddable":true,"href":"https:\/\/lohran.com\/index.php?rest_route=%2Fwp%2Fv2%2Fproduct_cat&post=1547"},{"taxonomy":"product_tag","embeddable":true,"href":"https:\/\/lohran.com\/index.php?rest_route=%2Fwp%2Fv2%2Fproduct_tag&post=1547"}],"curies":[{"name":"wp","href":"https:\/\/api.w.org\/{rel}","templated":true}]}}