{"id":1548,"date":"2016-12-22T14:34:25","date_gmt":"2016-12-22T13:34:25","guid":{"rendered":"https:\/\/lohran.com\/?product=insmv-death-girl"},"modified":"2017-12-29T16:21:13","modified_gmt":"2017-12-29T15:21:13","slug":"insmv-death-girl","status":"publish","type":"product","link":"https:\/\/lohran.com\/?product=insmv-death-girl","title":{"rendered":"INS\/MV Death Girl"},"content":{"rendered":"<p>Encrage original du jeux INS\/MV repr\u00e9sentant une jeune fille savourant sa &#8230; victoire. L&#8217;encrage est r\u00e9alis\u00e9 sous un format A3 en mode portrait.<\/p>\n","protected":false},"excerpt":{"rendered":"<p>Encrage original du jeux INS\/MV repr\u00e9sentant une jeune fille savourant sa &#8230; victoire. L&#8217;encrage est r\u00e9alis\u00e9 sous un format A3 en mode portrait.<\/p>\n","protected":false},"featured_media":1186,"comment_status":"open","ping_status":"closed","template":"","meta":[],"product_cat":[49,78],"product_tag":[],"_links":{"self":[{"href":"https:\/\/lohran.com\/index.php?rest_route=\/wp\/v2\/product\/1548"}],"collection":[{"href":"https:\/\/lohran.com\/index.php?rest_route=\/wp\/v2\/product"}],"about":[{"href":"https:\/\/lohran.com\/index.php?rest_route=\/wp\/v2\/types\/product"}],"replies":[{"embeddable":true,"href":"https:\/\/lohran.com\/index.php?rest_route=%2Fwp%2Fv2%2Fcomments&post=1548"}],"wp:featuredmedia":[{"embeddable":true,"href":"https:\/\/lohran.com\/index.php?rest_route=\/wp\/v2\/media\/1186"}],"wp:attachment":[{"href":"https:\/\/lohran.com\/index.php?rest_route=%2Fwp%2Fv2%2Fmedia&parent=1548"}],"wp:term":[{"taxonomy":"product_cat","embeddable":true,"href":"https:\/\/lohran.com\/index.php?rest_route=%2Fwp%2Fv2%2Fproduct_cat&post=1548"},{"taxonomy":"product_tag","embeddable":true,"href":"https:\/\/lohran.com\/index.php?rest_route=%2Fwp%2Fv2%2Fproduct_tag&post=1548"}],"curies":[{"name":"wp","href":"https:\/\/api.w.org\/{rel}","templated":true}]}}