{"id":1549,"date":"2016-12-22T14:35:49","date_gmt":"2016-12-22T13:35:49","guid":{"rendered":"https:\/\/lohran.com\/?product=insmv-share-time"},"modified":"2020-11-10T00:55:54","modified_gmt":"2020-11-09T23:55:54","slug":"insmv-share-time","status":"publish","type":"product","link":"https:\/\/lohran.com\/?product=insmv-share-time","title":{"rendered":"INS\/MV Share Time"},"content":{"rendered":"<p>Encrage original du jeux INS\/MV repr\u00e9sentant des protagonistes partageant un moment convivial. L&#8217;encrage est r\u00e9alis\u00e9 sous un format A3 en mode paysage.<\/p>\n","protected":false},"excerpt":{"rendered":"<p>Encrage original du jeux INS\/MV repr\u00e9sentant des protagonistes partageant un moment convivial. L&#8217;encrage est r\u00e9alis\u00e9 sous un format A3 en mode paysage.<\/p>\n","protected":false},"featured_media":1184,"comment_status":"open","ping_status":"closed","template":"","meta":[],"product_cat":[49,78],"product_tag":[],"_links":{"self":[{"href":"https:\/\/lohran.com\/index.php?rest_route=\/wp\/v2\/product\/1549"}],"collection":[{"href":"https:\/\/lohran.com\/index.php?rest_route=\/wp\/v2\/product"}],"about":[{"href":"https:\/\/lohran.com\/index.php?rest_route=\/wp\/v2\/types\/product"}],"replies":[{"embeddable":true,"href":"https:\/\/lohran.com\/index.php?rest_route=%2Fwp%2Fv2%2Fcomments&post=1549"}],"wp:featuredmedia":[{"embeddable":true,"href":"https:\/\/lohran.com\/index.php?rest_route=\/wp\/v2\/media\/1184"}],"wp:attachment":[{"href":"https:\/\/lohran.com\/index.php?rest_route=%2Fwp%2Fv2%2Fmedia&parent=1549"}],"wp:term":[{"taxonomy":"product_cat","embeddable":true,"href":"https:\/\/lohran.com\/index.php?rest_route=%2Fwp%2Fv2%2Fproduct_cat&post=1549"},{"taxonomy":"product_tag","embeddable":true,"href":"https:\/\/lohran.com\/index.php?rest_route=%2Fwp%2Fv2%2Fproduct_tag&post=1549"}],"curies":[{"name":"wp","href":"https:\/\/api.w.org\/{rel}","templated":true}]}}