{"id":1637,"date":"2017-02-06T23:08:48","date_gmt":"2017-02-06T22:08:48","guid":{"rendered":"https:\/\/lohran.com\/?product=planche-bd-originale-5"},"modified":"2017-12-27T19:10:47","modified_gmt":"2017-12-27T18:10:47","slug":"planche-bd-originale-5","status":"publish","type":"product","link":"https:\/\/lohran.com\/?product=planche-bd-originale-5","title":{"rendered":"BD Le Havre T1"},"content":{"rendered":"<p>Planche de BD du Havre le Tome 1 : de la pr\u00e9histoire \u00e0 la r\u00e9volution des \u00e9ditions Petit \u00e0 Petit. Planche N\u00b05. L&#8217;encrage est r\u00e9alis\u00e9 sous un format A3 en mode portrait.<\/p>\n","protected":false},"excerpt":{"rendered":"<p>Planche de BD du Havre le Tome 1 : de la pr\u00e9histoire \u00e0 la r\u00e9volution des \u00e9ditions Petit \u00e0 Petit. Planche N\u00b05. L&#8217;encrage est r\u00e9alis\u00e9 sous un format A3 en mode portrait.<\/p>\n","protected":false},"featured_media":1630,"comment_status":"open","ping_status":"closed","template":"","meta":[],"product_cat":[49,80],"product_tag":[],"_links":{"self":[{"href":"https:\/\/lohran.com\/index.php?rest_route=\/wp\/v2\/product\/1637"}],"collection":[{"href":"https:\/\/lohran.com\/index.php?rest_route=\/wp\/v2\/product"}],"about":[{"href":"https:\/\/lohran.com\/index.php?rest_route=\/wp\/v2\/types\/product"}],"replies":[{"embeddable":true,"href":"https:\/\/lohran.com\/index.php?rest_route=%2Fwp%2Fv2%2Fcomments&post=1637"}],"wp:featuredmedia":[{"embeddable":true,"href":"https:\/\/lohran.com\/index.php?rest_route=\/wp\/v2\/media\/1630"}],"wp:attachment":[{"href":"https:\/\/lohran.com\/index.php?rest_route=%2Fwp%2Fv2%2Fmedia&parent=1637"}],"wp:term":[{"taxonomy":"product_cat","embeddable":true,"href":"https:\/\/lohran.com\/index.php?rest_route=%2Fwp%2Fv2%2Fproduct_cat&post=1637"},{"taxonomy":"product_tag","embeddable":true,"href":"https:\/\/lohran.com\/index.php?rest_route=%2Fwp%2Fv2%2Fproduct_tag&post=1637"}],"curies":[{"name":"wp","href":"https:\/\/api.w.org\/{rel}","templated":true}]}}