{"id":1814,"date":"2017-12-27T17:56:53","date_gmt":"2017-12-27T16:56:53","guid":{"rendered":"https:\/\/lohran.com\/?post_type=product&#038;p=1814"},"modified":"2017-12-27T20:41:53","modified_gmt":"2017-12-27T19:41:53","slug":"venzicopter","status":"publish","type":"product","link":"https:\/\/lohran.com\/?product=venzicopter","title":{"rendered":"VenziCopter"},"content":{"rendered":"<p>Venzia original : crayon sur format A4<\/p>\n<p>Pour information, le dessin bien que centr\u00e9 dans l&#8217;image se situe sur la partie gauche de la feuille, l\u00e9g\u00e8rement sur le haut.<\/p>\n","protected":false},"excerpt":{"rendered":"<p>Venzia original : crayon sur format A4 Pour information, le dessin bien que centr\u00e9 dans l&#8217;image se situe sur la partie gauche de la feuille, l\u00e9g\u00e8rement sur le haut.<\/p>\n","protected":false},"featured_media":1033,"comment_status":"open","ping_status":"closed","template":"","meta":[],"product_cat":[49,55],"product_tag":[],"_links":{"self":[{"href":"https:\/\/lohran.com\/index.php?rest_route=\/wp\/v2\/product\/1814"}],"collection":[{"href":"https:\/\/lohran.com\/index.php?rest_route=\/wp\/v2\/product"}],"about":[{"href":"https:\/\/lohran.com\/index.php?rest_route=\/wp\/v2\/types\/product"}],"replies":[{"embeddable":true,"href":"https:\/\/lohran.com\/index.php?rest_route=%2Fwp%2Fv2%2Fcomments&post=1814"}],"wp:featuredmedia":[{"embeddable":true,"href":"https:\/\/lohran.com\/index.php?rest_route=\/wp\/v2\/media\/1033"}],"wp:attachment":[{"href":"https:\/\/lohran.com\/index.php?rest_route=%2Fwp%2Fv2%2Fmedia&parent=1814"}],"wp:term":[{"taxonomy":"product_cat","embeddable":true,"href":"https:\/\/lohran.com\/index.php?rest_route=%2Fwp%2Fv2%2Fproduct_cat&post=1814"},{"taxonomy":"product_tag","embeddable":true,"href":"https:\/\/lohran.com\/index.php?rest_route=%2Fwp%2Fv2%2Fproduct_tag&post=1814"}],"curies":[{"name":"wp","href":"https:\/\/api.w.org\/{rel}","templated":true}]}}