{"id":1884,"date":"2017-12-29T21:32:06","date_gmt":"2017-12-29T20:32:06","guid":{"rendered":"https:\/\/lohran.com\/?post_type=product&#038;p=1884"},"modified":"2025-10-10T02:27:38","modified_gmt":"2025-10-10T00:27:38","slug":"girardo","status":"publish","type":"product","link":"https:\/\/lohran.com\/?product=girardo","title":{"rendered":"Girardo"},"content":{"rendered":"<p>Venzia original : crayon sur format A4<\/p>\n<p>Aquarelle l\u00e9g\u00e8re, l&#8217;original est moins satur\u00e9 (moins brun) que la couleur scann\u00e9e (ordinateur).<\/p>\n","protected":false},"excerpt":{"rendered":"<p>Venzia original : crayon sur format A4 Aquarelle l\u00e9g\u00e8re, l&#8217;original est moins satur\u00e9 (moins brun) que la couleur scann\u00e9e (ordinateur).<\/p>\n","protected":false},"featured_media":1030,"comment_status":"open","ping_status":"closed","template":"","meta":[],"product_cat":[49,55],"product_tag":[],"_links":{"self":[{"href":"https:\/\/lohran.com\/index.php?rest_route=\/wp\/v2\/product\/1884"}],"collection":[{"href":"https:\/\/lohran.com\/index.php?rest_route=\/wp\/v2\/product"}],"about":[{"href":"https:\/\/lohran.com\/index.php?rest_route=\/wp\/v2\/types\/product"}],"replies":[{"embeddable":true,"href":"https:\/\/lohran.com\/index.php?rest_route=%2Fwp%2Fv2%2Fcomments&post=1884"}],"wp:featuredmedia":[{"embeddable":true,"href":"https:\/\/lohran.com\/index.php?rest_route=\/wp\/v2\/media\/1030"}],"wp:attachment":[{"href":"https:\/\/lohran.com\/index.php?rest_route=%2Fwp%2Fv2%2Fmedia&parent=1884"}],"wp:term":[{"taxonomy":"product_cat","embeddable":true,"href":"https:\/\/lohran.com\/index.php?rest_route=%2Fwp%2Fv2%2Fproduct_cat&post=1884"},{"taxonomy":"product_tag","embeddable":true,"href":"https:\/\/lohran.com\/index.php?rest_route=%2Fwp%2Fv2%2Fproduct_tag&post=1884"}],"curies":[{"name":"wp","href":"https:\/\/api.w.org\/{rel}","templated":true}]}}