{"id":2006,"date":"2017-12-31T12:46:05","date_gmt":"2017-12-31T11:46:05","guid":{"rendered":"https:\/\/lohran.com\/?post_type=product&#038;p=2006"},"modified":"2020-11-11T08:15:45","modified_gmt":"2020-11-11T07:15:45","slug":"ra","status":"publish","type":"product","link":"https:\/\/lohran.com\/?product=ra","title":{"rendered":"R\u00e2"},"content":{"rendered":"<p>Dessin crayon original, correspond \u00e0 l&#8217;univers d&#8217;Hexagon Universe publi\u00e9 chez XII singes.<\/p>\n<p>Le dessin est plus clair sur l&#8217;original que sur l&#8217;image scann\u00e9e.<\/p>\n","protected":false},"excerpt":{"rendered":"<p>Crayon<\/p>\n<p>21 cm x 29.7 cm<\/p>\n","protected":false},"featured_media":434,"comment_status":"open","ping_status":"closed","template":"","meta":[],"product_cat":[77],"product_tag":[],"_links":{"self":[{"href":"https:\/\/lohran.com\/index.php?rest_route=\/wp\/v2\/product\/2006"}],"collection":[{"href":"https:\/\/lohran.com\/index.php?rest_route=\/wp\/v2\/product"}],"about":[{"href":"https:\/\/lohran.com\/index.php?rest_route=\/wp\/v2\/types\/product"}],"replies":[{"embeddable":true,"href":"https:\/\/lohran.com\/index.php?rest_route=%2Fwp%2Fv2%2Fcomments&post=2006"}],"wp:featuredmedia":[{"embeddable":true,"href":"https:\/\/lohran.com\/index.php?rest_route=\/wp\/v2\/media\/434"}],"wp:attachment":[{"href":"https:\/\/lohran.com\/index.php?rest_route=%2Fwp%2Fv2%2Fmedia&parent=2006"}],"wp:term":[{"taxonomy":"product_cat","embeddable":true,"href":"https:\/\/lohran.com\/index.php?rest_route=%2Fwp%2Fv2%2Fproduct_cat&post=2006"},{"taxonomy":"product_tag","embeddable":true,"href":"https:\/\/lohran.com\/index.php?rest_route=%2Fwp%2Fv2%2Fproduct_tag&post=2006"}],"curies":[{"name":"wp","href":"https:\/\/api.w.org\/{rel}","templated":true}]}}