{"id":832,"date":"2015-09-19T17:36:36","date_gmt":"2015-09-19T16:36:36","guid":{"rendered":"https:\/\/lohran.com\/?product=gobelin-night-fever-6"},"modified":"2017-12-27T19:09:15","modified_gmt":"2017-12-27T18:09:15","slug":"gobelin-night-fever-6","status":"publish","type":"product","link":"https:\/\/lohran.com\/?product=gobelin-night-fever-6","title":{"rendered":"Gobelin Night Fever 6"},"content":{"rendered":"<p>Impression de l&#8217;affiche de la GNF 6\u00a0(Gobelin Night Fever 6) de 2005.<\/p>\n<p>L&#8217;affiche reprend le personnage &#8220;Urk&#8221;, figure embl\u00e9matique de la convention et caricature du dessinateur. Urk est ici dans sa premi\u00e8re repr\u00e9sentation, c&#8217;est celle-ci qui servira ensuite sur toutes les pr\u00e9sentation de l&#8217;auteur. Cette affiche correspond \u00e0 la premi\u00e8re affiche de la GNF de ce type. Pour les collectionneurs et les nostalgiques, cette impression en A4 est faite sur un papier de qualit\u00e9 brillant blanc, afin de faire ressortir les couleurs et les contrastes. Son \u00e9paisseur est de 310gr\/m2 pour\u00a0avoir une illustration rigide et de qualit\u00e9.<\/p>\n","protected":false},"excerpt":{"rendered":"<p>Impression de l&#8217;affiche de la GNF 6\u00a0(Gobelin Night Fever 6) de 2005. L&#8217;affiche reprend le personnage &#8220;Urk&#8221;, figure embl\u00e9matique de la convention et caricature du dessinateur. Urk est ici dans sa premi\u00e8re repr\u00e9sentation, c&#8217;est celle-ci qui servira ensuite sur toutes les pr\u00e9sentation de l&#8217;auteur. Cette affiche correspond \u00e0 la premi\u00e8re affiche de la GNF de [&hellip;]<\/p>\n","protected":false},"featured_media":829,"comment_status":"open","ping_status":"closed","template":"","meta":[],"product_cat":[53],"product_tag":[],"_links":{"self":[{"href":"https:\/\/lohran.com\/index.php?rest_route=\/wp\/v2\/product\/832"}],"collection":[{"href":"https:\/\/lohran.com\/index.php?rest_route=\/wp\/v2\/product"}],"about":[{"href":"https:\/\/lohran.com\/index.php?rest_route=\/wp\/v2\/types\/product"}],"replies":[{"embeddable":true,"href":"https:\/\/lohran.com\/index.php?rest_route=%2Fwp%2Fv2%2Fcomments&post=832"}],"wp:featuredmedia":[{"embeddable":true,"href":"https:\/\/lohran.com\/index.php?rest_route=\/wp\/v2\/media\/829"}],"wp:attachment":[{"href":"https:\/\/lohran.com\/index.php?rest_route=%2Fwp%2Fv2%2Fmedia&parent=832"}],"wp:term":[{"taxonomy":"product_cat","embeddable":true,"href":"https:\/\/lohran.com\/index.php?rest_route=%2Fwp%2Fv2%2Fproduct_cat&post=832"},{"taxonomy":"product_tag","embeddable":true,"href":"https:\/\/lohran.com\/index.php?rest_route=%2Fwp%2Fv2%2Fproduct_tag&post=832"}],"curies":[{"name":"wp","href":"https:\/\/api.w.org\/{rel}","templated":true}]}}