{"id":866,"date":"2015-09-19T20:04:03","date_gmt":"2015-09-19T19:04:03","guid":{"rendered":"https:\/\/lohran.com\/?product=galatea"},"modified":"2025-04-15T22:11:28","modified_gmt":"2025-04-15T20:11:28","slug":"galatea","status":"publish","type":"product","link":"https:\/\/lohran.com\/?product=galatea","title":{"rendered":"Galatea"},"content":{"rendered":"<p>Image d&#8217;une femme Andro\u00efd, m\u00e9lange d&#8217;humain et de machine, le nom faisant r\u00e9f\u00e9rence \u00e0 l&#8217;Homme Bi-Centenaire.\u00a0Cette impression en A4 est faite sur un papier de qualit\u00e9 brillant blanc, afin de faire ressortir les couleurs et les contrastes. Son \u00e9paisseur est de 310gr\/m2 pour\u00a0avoir une illustration rigide et de qualit\u00e9.<\/p>\n","protected":false},"excerpt":{"rendered":"<p>Image d&#8217;une femme Andro\u00efd, m\u00e9lange d&#8217;humain et de machine, le nom faisant r\u00e9f\u00e9rence \u00e0 l&#8217;Homme Bi-Centenaire.\u00a0Cette impression en A4 est faite sur un papier de qualit\u00e9 brillant blanc, afin de faire ressortir les couleurs et les contrastes. Son \u00e9paisseur est de 310gr\/m2 pour\u00a0avoir une illustration rigide et de qualit\u00e9.<\/p>\n","protected":false},"featured_media":864,"comment_status":"open","ping_status":"closed","template":"","meta":[],"product_cat":[53],"product_tag":[],"_links":{"self":[{"href":"https:\/\/lohran.com\/index.php?rest_route=\/wp\/v2\/product\/866"}],"collection":[{"href":"https:\/\/lohran.com\/index.php?rest_route=\/wp\/v2\/product"}],"about":[{"href":"https:\/\/lohran.com\/index.php?rest_route=\/wp\/v2\/types\/product"}],"replies":[{"embeddable":true,"href":"https:\/\/lohran.com\/index.php?rest_route=%2Fwp%2Fv2%2Fcomments&post=866"}],"wp:featuredmedia":[{"embeddable":true,"href":"https:\/\/lohran.com\/index.php?rest_route=\/wp\/v2\/media\/864"}],"wp:attachment":[{"href":"https:\/\/lohran.com\/index.php?rest_route=%2Fwp%2Fv2%2Fmedia&parent=866"}],"wp:term":[{"taxonomy":"product_cat","embeddable":true,"href":"https:\/\/lohran.com\/index.php?rest_route=%2Fwp%2Fv2%2Fproduct_cat&post=866"},{"taxonomy":"product_tag","embeddable":true,"href":"https:\/\/lohran.com\/index.php?rest_route=%2Fwp%2Fv2%2Fproduct_tag&post=866"}],"curies":[{"name":"wp","href":"https:\/\/api.w.org\/{rel}","templated":true}]}}