{"id":891,"date":"2015-09-19T22:06:28","date_gmt":"2015-09-19T21:06:28","guid":{"rendered":"https:\/\/lohran.com\/?product=vampire"},"modified":"2024-07-09T23:10:11","modified_gmt":"2024-07-09T21:10:11","slug":"vampire","status":"publish","type":"product","link":"https:\/\/lohran.com\/?product=vampire","title":{"rendered":"Vampire"},"content":{"rendered":"<p>Image d&#8217;un visage de Vampire, fait \u00e0 l&#8217;origine pour Caf\u00e9 Sal\u00e9, un tirage sp\u00e9cial a \u00e9t\u00e9 expos\u00e9 \u00e0 Paris (Les Furieux).<\/p>\n<p>Cette impression <strong><span style=\"color: #800000;\">sur toile<\/span><\/strong> carr\u00e9e de 50&#215;50 cm<\/p>\n<p>1 seul en stock<\/p>\n","protected":false},"excerpt":{"rendered":"<p><span style=\"color: #800000;\"><strong>1 seul en stock<\/strong><\/span><\/p>\n","protected":false},"featured_media":889,"comment_status":"open","ping_status":"closed","template":"","meta":[],"product_cat":[53],"product_tag":[],"_links":{"self":[{"href":"https:\/\/lohran.com\/index.php?rest_route=\/wp\/v2\/product\/891"}],"collection":[{"href":"https:\/\/lohran.com\/index.php?rest_route=\/wp\/v2\/product"}],"about":[{"href":"https:\/\/lohran.com\/index.php?rest_route=\/wp\/v2\/types\/product"}],"replies":[{"embeddable":true,"href":"https:\/\/lohran.com\/index.php?rest_route=%2Fwp%2Fv2%2Fcomments&post=891"}],"wp:featuredmedia":[{"embeddable":true,"href":"https:\/\/lohran.com\/index.php?rest_route=\/wp\/v2\/media\/889"}],"wp:attachment":[{"href":"https:\/\/lohran.com\/index.php?rest_route=%2Fwp%2Fv2%2Fmedia&parent=891"}],"wp:term":[{"taxonomy":"product_cat","embeddable":true,"href":"https:\/\/lohran.com\/index.php?rest_route=%2Fwp%2Fv2%2Fproduct_cat&post=891"},{"taxonomy":"product_tag","embeddable":true,"href":"https:\/\/lohran.com\/index.php?rest_route=%2Fwp%2Fv2%2Fproduct_tag&post=891"}],"curies":[{"name":"wp","href":"https:\/\/api.w.org\/{rel}","templated":true}]}}