{"id":895,"date":"2015-09-19T22:16:10","date_gmt":"2015-09-19T21:16:10","guid":{"rendered":"https:\/\/lohran.com\/?product=seule-dans-l-ombre"},"modified":"2022-04-02T21:23:46","modified_gmt":"2022-04-02T19:23:46","slug":"seule-dans-l-ombre","status":"publish","type":"product","link":"https:\/\/lohran.com\/?product=seule-dans-l-ombre","title":{"rendered":"Seule dans l&#8217;ombre"},"content":{"rendered":"<p>Image d&#8217;un visage de femme dans l&#8217;obscurit\u00e9, au d\u00e9part fait pour une d\u00e9monstration pour des journalistes, il a \u00e9t\u00e9 pouss\u00e9 \u00e0 cette \u00e9tape.<\/p>\n<p>Cette impression carr\u00e9e\u00a0est faite sur un papier de qualit\u00e9 Rag bright blanc, afin de faire ressortir les couleurs et les contrastes. Son \u00e9paisseur est de 310gr\/m2 pour\u00a0avoir une illustration rigide et de qualit\u00e9.<\/p>\n<p>&nbsp;<\/p>\n","protected":false},"excerpt":{"rendered":"<p>1 seul en stock<\/p>\n","protected":false},"featured_media":892,"comment_status":"open","ping_status":"closed","template":"","meta":[],"product_cat":[53],"product_tag":[],"_links":{"self":[{"href":"https:\/\/lohran.com\/index.php?rest_route=\/wp\/v2\/product\/895"}],"collection":[{"href":"https:\/\/lohran.com\/index.php?rest_route=\/wp\/v2\/product"}],"about":[{"href":"https:\/\/lohran.com\/index.php?rest_route=\/wp\/v2\/types\/product"}],"replies":[{"embeddable":true,"href":"https:\/\/lohran.com\/index.php?rest_route=%2Fwp%2Fv2%2Fcomments&post=895"}],"wp:featuredmedia":[{"embeddable":true,"href":"https:\/\/lohran.com\/index.php?rest_route=\/wp\/v2\/media\/892"}],"wp:attachment":[{"href":"https:\/\/lohran.com\/index.php?rest_route=%2Fwp%2Fv2%2Fmedia&parent=895"}],"wp:term":[{"taxonomy":"product_cat","embeddable":true,"href":"https:\/\/lohran.com\/index.php?rest_route=%2Fwp%2Fv2%2Fproduct_cat&post=895"},{"taxonomy":"product_tag","embeddable":true,"href":"https:\/\/lohran.com\/index.php?rest_route=%2Fwp%2Fv2%2Fproduct_tag&post=895"}],"curies":[{"name":"wp","href":"https:\/\/api.w.org\/{rel}","templated":true}]}}